{"id":448,"date":"2026-04-06T14:50:55","date_gmt":"2026-04-06T12:50:55","guid":{"rendered":"https:\/\/mottoknives.pl\/?post_type=product&#038;p=448"},"modified":"2026-04-22T06:22:29","modified_gmt":"2026-04-22T04:22:29","slug":"wrobel","status":"publish","type":"product","link":"https:\/\/mottoknives.pl\/?product=wrobel","title":{"rendered":"Wr\u00f3bel Niolox Camo Czaszki"},"content":{"rendered":"<p>Ma\u0142y rozmiarem, ale zdecydowany w charakterze. To nie jest delikatne EDC, tylko konkretne narz\u0119dzie do pracy.<\/p>\n<p>Kompaktowy, zawsze pod r\u0119k\u0105, a mimo kr\u00f3tszej r\u0119koje\u015bci daje pewny i stabilny chwyt. Dobrze le\u017cy w d\u0142oni i sprawdza si\u0119 w normalnej pracy, od drewna, przez ognisko, po codzienne u\u017cycie w terenie.<\/p>\n<div>\n<div class=\"xuk3077 x78zum5 x1q0g3np x1nhvcw1 x2lwn1j xeuugli x1f6kntn x126k92a x1gslohp\">\n<div class=\"xuk3077 x78zum5 x1q0g3np x2lwn1j xeuugli x193iq5w xh8yej3\">\n<div class=\"x1cy8zhl x78zum5 xdt5ytf x2lwn1j xeuugli xdl72j9 x1c4vz4f x2lah0s x16fdfms x161msgk x1s9ed0f x1eapu41 x1r944mn x11hdunq\">\n<div>\n<div class=\"x1rg5ohu x67bb7w\">\n<div class=\"xetholh xltidu3 x1y1aw1k xpdmqnj xwib8y2 x1g0dm76 x13faqbe x3wr0uh x15jc6tp xogfrqt x1slwz57 xt0e3qv\">Ostrze ma wyra\u017anie zaznaczon\u0105, agresywn\u0105 lini\u0119. Szlif wyprowadzony na oko\u0142o 2 cm daje dobr\u0105 kontrol\u0119 ci\u0119cia i wytrzyma\u0142o\u015b\u0107 w pracy. Sprawdza si\u0119 tam, gdzie n\u00f3\u017c ma po prostu pracowa\u0107.<\/div>\n<\/div>\n<\/div>\n<\/div>\n<div><\/div>\n<\/div>\n<\/div>\n<\/div>\n<div class=\"\" data-visualcompletion=\"ignore\">R\u0119koje\u015b\u0107 z ekarty zapewnia pewny chwyt nawet w wilgotnych warunkach i przy d\u0142u\u017cszej pracy. To materia\u0142, na kt\u00f3rym mo\u017cesz polega\u0107 w ka\u017cdych warunkach.<\/div>\n<div>\n<div class=\"xuk3077 x78zum5 x1q0g3np x1nhvcw1 x2lwn1j xeuugli x1f6kntn x126k92a x1gslohp\">\n<div class=\"xuk3077 x78zum5 x1q0g3np x2lwn1j xeuugli x193iq5w xh8yej3\">\n<div><\/div>\n<\/div>\n<\/div>\n<\/div>\n<div class=\"\" data-visualcompletion=\"ignore\">Ca\u0142o\u015b\u0107 uzupe\u0142nia pochwa z kydexu ze wzorem camo \u201eczaszka\u201d, kt\u00f3ra podkre\u015bla charakter no\u017ca. Monta\u017c w systemie 360\u00b0 pozwala ustawi\u0107 n\u00f3\u017c dok\u0142adnie pod siebie.<\/div>\n<div>\n<div class=\"xuk3077 x78zum5 x1q0g3np x1nhvcw1 x2lwn1j xeuugli x1f6kntn x126k92a x1gslohp\">\n<div class=\"xuk3077 x78zum5 x1q0g3np x2lwn1j xeuugli x193iq5w xh8yej3\">\n<div><\/div>\n<\/div>\n<\/div>\n<\/div>\n<div>\n<div class=\"xuk3077 x78zum5 x1q0g3np x1nhvcw1 x2lwn1j xeuugli x1f6kntn x126k92a x1gslohp\">\n<div class=\"xuk3077 x78zum5 x1q0g3np x2lwn1j xeuugli x193iq5w xh8yej3\">\n<div class=\"x1cy8zhl x78zum5 xdt5ytf x2lwn1j xeuugli xdl72j9 x1c4vz4f x2lah0s x16fdfms x161msgk x1s9ed0f x1eapu41 x1r944mn x13fj5qh\">\n<div>\n<div class=\"x1rg5ohu x67bb7w\">\n<div class=\"xetholh xltidu3 xgyjjjx x1y1aw1k xpdmqnj xwib8y2 x1g0dm76 x13faqbe x3wr0uh xogfrqt x1slwz57 xt0e3qv\">Ka\u017cdy egzemplarz powstaje r\u0119cznie w moim warsztacie.<\/div>\n<\/div>\n<\/div>\n<\/div>\n<div><\/div>\n<\/div>\n<\/div>\n<\/div>\n<p><strong>SPECYFIKACJA TECHNICZNA :<\/strong><\/p>\n<ul>\n<li dir=\"auto\"><strong>STAL:<\/strong> Niolox<\/li>\n<li dir=\"auto\"><strong>TWARDO\u015a\u0106<\/strong>: 60 HRC<\/li>\n<li dir=\"auto\"><strong>D\u0141UGO\u015a\u0106 CA\u0141KOWITA<\/strong>: 20 cm<\/li>\n<li dir=\"auto\"><strong>D\u0141UGO\u015a\u0106 OSTRZA:<\/strong> 9.5 cm<\/li>\n<li dir=\"auto\"><strong>SZEROKO\u015a\u0106:<\/strong> 3 cm<\/li>\n<li dir=\"auto\"><strong>GRUBO\u015a\u0106:<\/strong> 4,4 mm<\/li>\n<li dir=\"auto\"><strong>K\u0104T OSTRZENIA:<\/strong> 20\u00b0<\/li>\n<li dir=\"auto\"><strong>R\u0118KOJE\u015a\u0106<\/strong>: Ekarta juta zielona<\/li>\n<li dir=\"auto\"><strong>POCHWA:<\/strong> Kydex w wz\u00f3r camo czaszka z mocowaniem Tek-lock 360\u00b0 (mo\u017cliwo\u015b\u0107 wymiany na inny system)<\/li>\n<li dir=\"auto\"><strong>WAGA N\u00d3\u017b\/POCHWA:<\/strong> 170 g\/315 g<\/li>\n<\/ul>\n","protected":false},"excerpt":{"rendered":"<p>Kompaktowy n\u00f3\u017c do pracy i codziennego noszenia. Ma\u0142y rozmiarem, ale daje pewny chwyt i pe\u0142n\u0105 kontrol\u0119 podczas ci\u0119cia. Sprawdza si\u0119 w terenie, przy drewnie i w codziennych zadaniach.<br \/>\n\u2022 STAL: Niolox<br \/>\n\u2022 TWARDO\u015a\u0106: 60 HRC<br \/>\n\u2022 D\u0141UGO\u015a\u0106 CA\u0141KOWITA: 20 cm<br \/>\n\u2022 D\u0141UGO\u015a\u0106 OSTRZA: 9.5 cm<br \/>\n\u2022 SZEROKO\u015a\u0106: 3 cm<br \/>\n\u2022 GRUBO\u015a\u0106: 4,4 mm<\/p>\n","protected":false},"featured_media":449,"template":"","meta":[],"product_brand":[],"product_cat":[53,55,43,52],"product_tag":[],"class_list":{"0":"post-448","1":"product","2":"type-product","3":"status-publish","4":"has-post-thumbnail","6":"product_cat-edc","7":"product_cat-niolox","8":"product_cat-noz","9":"product_cat-wrobel","11":"first","12":"outofstock","13":"shipping-taxable","14":"purchasable","15":"product-type-simple"},"jetpack_sharing_enabled":true,"_links":{"self":[{"href":"https:\/\/mottoknives.pl\/index.php?rest_route=\/wp\/v2\/product\/448","targetHints":{"allow":["GET"]}}],"collection":[{"href":"https:\/\/mottoknives.pl\/index.php?rest_route=\/wp\/v2\/product"}],"about":[{"href":"https:\/\/mottoknives.pl\/index.php?rest_route=\/wp\/v2\/types\/product"}],"wp:featuredmedia":[{"embeddable":true,"href":"https:\/\/mottoknives.pl\/index.php?rest_route=\/wp\/v2\/media\/449"}],"wp:attachment":[{"href":"https:\/\/mottoknives.pl\/index.php?rest_route=%2Fwp%2Fv2%2Fmedia&parent=448"}],"wp:term":[{"taxonomy":"product_brand","embeddable":true,"href":"https:\/\/mottoknives.pl\/index.php?rest_route=%2Fwp%2Fv2%2Fproduct_brand&post=448"},{"taxonomy":"product_cat","embeddable":true,"href":"https:\/\/mottoknives.pl\/index.php?rest_route=%2Fwp%2Fv2%2Fproduct_cat&post=448"},{"taxonomy":"product_tag","embeddable":true,"href":"https:\/\/mottoknives.pl\/index.php?rest_route=%2Fwp%2Fv2%2Fproduct_tag&post=448"}],"curies":[{"name":"wp","href":"https:\/\/api.w.org\/{rel}","templated":true}]}}