{"id":388,"date":"2025-11-10T16:58:10","date_gmt":"2025-11-10T15:58:10","guid":{"rendered":"https:\/\/mottoknives.pl\/?post_type=product&#038;p=388"},"modified":"2026-04-12T09:47:49","modified_gmt":"2026-04-12T07:47:49","slug":"wilk","status":"publish","type":"product","link":"https:\/\/mottoknives.pl\/?product=wilk","title":{"rendered":"Wilk Sleipner Oliwka"},"content":{"rendered":"<p>Wilk to solidny n\u00f3\u017c u\u017cytkowy o konstrukcji full tang, zaprojektowany z my\u015bl\u0105 o realnej pracy w terenie i codziennym u\u017cytkowaniu. To model sprawdzony w praktyce i dopracowany pod k\u0105tem wytrzyma\u0142o\u015bci, ergonomii i \u0142atwo\u015bci obs\u0142ugi. Ostrze wykonane ze stali Sleipner, zahartowanej do 60 HRC, zapewnia bardzo dobre trzymanie ostro\u015bci przy zachowaniu odporno\u015bci na zu\u017cycie i uszkodzenia. Grubo\u015b\u0107 4,2 mm i wysoki szlif daj\u0105 kompromis pomi\u0119dzy wytrzyma\u0142o\u015bci\u0105 a dobr\u0105 prac\u0105 w materiale. R\u0119koje\u015b\u0107 z ekarty jutowej o g\u0119stym splocie gwarantuje pewny chwyt w r\u00f3\u017cnych warunkach tak\u017ce przy wilgotnych d\u0142oniach. Ca\u0142o\u015b\u0107 uzupe\u0142nia pochwa z kydexu wyposa\u017cona w rotacyjny system monta\u017cu 360\u00b0 (kompatybilny z Tek-Mount), z mo\u017cliwo\u015bci\u0105 zmiany na inne rozwi\u0105zania. N\u00f3\u017c wykonany r\u0119cznie w moim warsztacie bez produkcji seryjnej.<\/p>\n<p><strong>SPECYFIKACJA TECHNICZNA :<\/strong><\/p>\n<ul>\n<li dir=\"auto\"><strong>STAL:<\/strong> Sleipner<\/li>\n<li dir=\"auto\"><strong>TWARDO\u015a\u0106<\/strong>: 60 HRC<\/li>\n<li dir=\"auto\"><strong>D\u0141UGO\u015a\u0106 CA\u0141KOWITA<\/strong>: 25cm<\/li>\n<li dir=\"auto\"><strong>D\u0141UGO\u015a\u0106 OSTREGO:<\/strong> 13cm<\/li>\n<li dir=\"auto\"><strong>SZEROKO\u015a\u0106:<\/strong> 4cm<\/li>\n<li dir=\"auto\"><strong>GRUBO\u015a\u0106:<\/strong> 4,2mm<\/li>\n<li dir=\"auto\"><strong>K\u0104T OSTRZENIA:<\/strong> 20\u00b0<\/li>\n<li dir=\"auto\"><strong>R\u0119koje\u015b\u0107<\/strong>: Ekarta-camo<\/li>\n<li dir=\"auto\"><strong>POCHWA:<\/strong> Kydex oliwka z mocowaniem Tek-lock 360\u00b0 (mo\u017cliwo\u015b\u0107 wymiany na inny system)<\/li>\n<\/ul>\n","protected":false},"excerpt":{"rendered":"<ul>\n<li dir=\"auto\" style=\"text-align: left;\"><strong>STAL:<\/strong> Sleipner<\/li>\n<li dir=\"auto\" style=\"text-align: left;\"><strong>TWARDO\u015a\u0106<\/strong>: 60 HRC<\/li>\n<li dir=\"auto\" style=\"text-align: left;\"><strong>D\u0141UGO\u015a\u0106 CA\u0141KOWITA<\/strong>: 25 cm<\/li>\n<li dir=\"auto\" style=\"text-align: left;\"><strong>D\u0141UGO\u015a\u0106 OSTREGO:<\/strong> 13 cm<\/li>\n<li dir=\"auto\" style=\"text-align: left;\"><strong>SZEROKO\u015a\u0106:<\/strong> 4 cm<\/li>\n<li dir=\"auto\" style=\"text-align: left;\"><strong>GRUBO\u015a\u0106:<\/strong> 4,2 mm<\/li>\n<\/ul>\n","protected":false},"featured_media":340,"template":"","meta":[],"product_brand":[],"product_cat":[57,43,58],"product_tag":[],"class_list":{"0":"post-388","1":"product","2":"type-product","3":"status-publish","4":"has-post-thumbnail","6":"product_cat-bushcraft","7":"product_cat-noz","8":"product_cat-wilk","10":"first","11":"instock","12":"shipping-taxable","13":"purchasable","14":"product-type-simple"},"jetpack_sharing_enabled":true,"_links":{"self":[{"href":"https:\/\/mottoknives.pl\/index.php?rest_route=\/wp\/v2\/product\/388","targetHints":{"allow":["GET"]}}],"collection":[{"href":"https:\/\/mottoknives.pl\/index.php?rest_route=\/wp\/v2\/product"}],"about":[{"href":"https:\/\/mottoknives.pl\/index.php?rest_route=\/wp\/v2\/types\/product"}],"wp:featuredmedia":[{"embeddable":true,"href":"https:\/\/mottoknives.pl\/index.php?rest_route=\/wp\/v2\/media\/340"}],"wp:attachment":[{"href":"https:\/\/mottoknives.pl\/index.php?rest_route=%2Fwp%2Fv2%2Fmedia&parent=388"}],"wp:term":[{"taxonomy":"product_brand","embeddable":true,"href":"https:\/\/mottoknives.pl\/index.php?rest_route=%2Fwp%2Fv2%2Fproduct_brand&post=388"},{"taxonomy":"product_cat","embeddable":true,"href":"https:\/\/mottoknives.pl\/index.php?rest_route=%2Fwp%2Fv2%2Fproduct_cat&post=388"},{"taxonomy":"product_tag","embeddable":true,"href":"https:\/\/mottoknives.pl\/index.php?rest_route=%2Fwp%2Fv2%2Fproduct_tag&post=388"}],"curies":[{"name":"wp","href":"https:\/\/api.w.org\/{rel}","templated":true}]}}