{"id":476,"date":"2026-04-11T13:35:55","date_gmt":"2026-04-11T11:35:55","guid":{"rendered":"https:\/\/mottoknives.pl\/?page_id=476"},"modified":"2026-04-12T10:30:38","modified_gmt":"2026-04-12T08:30:38","slug":"o-mnie","status":"publish","type":"page","link":"https:\/\/mottoknives.pl\/?page_id=476","title":{"rendered":"O mnie"},"content":{"rendered":"\n<p>Nazywam si\u0119 Marcin Otto i tworz\u0119 no\u017ce pod mark\u0105 w\u0142asn\u0105 Motto Knives.<\/p>\n\n\n\n<p>Zaczyna\u0142em w ma\u0142ej kom\u00f3rce, ucz\u0105c si\u0119 wszystkiego od podstaw, bez zaplecza i bez do\u015bwiadczenia, metod\u0105 pr\u00f3b i b\u0142\u0119d\u00f3w.<\/p>\n\n\n\n<p>Dzi\u015b pracuj\u0119 we w\u0142asnym warsztacie i \u015bwiadomie rozwijam ka\u017cdy kolejny projekt. <\/p>\n\n\n\n<p>Z czasem zmieni\u0142o si\u0119 wszystko poza jednym, moj\u0105 filozofi\u0105: n\u00f3\u017c ma dzia\u0142a\u0107 i wytrzyma\u0107 realn\u0105 prac\u0119.<\/p>\n\n\n\n<figure class=\"wp-block-image size-full wp-duotone-unset-1\"><img loading=\"lazy\" decoding=\"async\" width=\"720\" height=\"885\" src=\"https:\/\/mottoknives.pl\/wp-content\/uploads\/2026\/04\/ja.jpg\" alt=\"\" class=\"wp-image-491\" srcset=\"https:\/\/mottoknives.pl\/wp-content\/uploads\/2026\/04\/ja.jpg 720w, https:\/\/mottoknives.pl\/wp-content\/uploads\/2026\/04\/ja-244x300.jpg 244w, https:\/\/mottoknives.pl\/wp-content\/uploads\/2026\/04\/ja-600x738.jpg 600w\" sizes=\"auto, (max-width: 720px) 100vw, 720px\" \/><\/figure>\n\n\n\n<h2 class=\"wp-block-heading\">Jak pracuj\u0119<\/h2>\n\n\n\n<p>Ka\u017cdy n\u00f3\u017c powstaje od podstaw.<br>Od projektu, przez obr\u00f3bk\u0119 stali, po r\u0119czne wyko\u0144czenie.<br>Nie korzystam z gotowych rozwi\u0105za\u0144 ani masowej produkcji.<br>Ka\u017cdy egzemplarz przechodzi przez moje r\u0119ce na ka\u017cdym etapie.<\/p>\n\n\n\n<figure class=\"wp-block-embed is-type-video is-provider-youtube wp-block-embed-youtube wp-embed-aspect-9-16 wp-has-aspect-ratio\"><div class=\"wp-block-embed__wrapper\">\n<iframe loading=\"lazy\" title=\"Custom knife in production \ud83d\udd25\" width=\"422\" height=\"750\" src=\"https:\/\/www.youtube.com\/embed\/k4usOCfCXmo?feature=oembed\" frameborder=\"0\" allow=\"accelerometer; autoplay; clipboard-write; encrypted-media; gyroscope; picture-in-picture; web-share\" referrerpolicy=\"strict-origin-when-cross-origin\" allowfullscreen><\/iframe>\n<\/div><\/figure>\n\n\n\n<figure class=\"wp-block-gallery has-nested-images columns-default is-cropped wp-block-gallery-5 is-layout-flex wp-block-gallery-is-layout-flex\">\n<figure class=\"wp-block-image size-large wp-duotone-unset-2\"><img loading=\"lazy\" decoding=\"async\" width=\"576\" height=\"1024\" data-id=\"485\" src=\"https:\/\/mottoknives.pl\/wp-content\/uploads\/2026\/04\/1000044400-576x1024.jpg\" alt=\"\" class=\"wp-image-485\" srcset=\"https:\/\/mottoknives.pl\/wp-content\/uploads\/2026\/04\/1000044400-576x1024.jpg 576w, https:\/\/mottoknives.pl\/wp-content\/uploads\/2026\/04\/1000044400-169x300.jpg 169w, https:\/\/mottoknives.pl\/wp-content\/uploads\/2026\/04\/1000044400-768x1365.jpg 768w, https:\/\/mottoknives.pl\/wp-content\/uploads\/2026\/04\/1000044400-864x1536.jpg 864w, https:\/\/mottoknives.pl\/wp-content\/uploads\/2026\/04\/1000044400-1152x2048.jpg 1152w, https:\/\/mottoknives.pl\/wp-content\/uploads\/2026\/04\/1000044400-600x1067.jpg 600w, https:\/\/mottoknives.pl\/wp-content\/uploads\/2026\/04\/1000044400-scaled.jpg 1440w\" sizes=\"auto, (max-width: 576px) 100vw, 576px\" \/><\/figure>\n\n\n\n<figure class=\"wp-block-image size-large wp-duotone-unset-3\"><img loading=\"lazy\" decoding=\"async\" width=\"768\" height=\"1024\" data-id=\"484\" src=\"https:\/\/mottoknives.pl\/wp-content\/uploads\/2026\/04\/1000041787-1-768x1024.jpg\" alt=\"\" class=\"wp-image-484\" srcset=\"https:\/\/mottoknives.pl\/wp-content\/uploads\/2026\/04\/1000041787-1-768x1024.jpg 768w, https:\/\/mottoknives.pl\/wp-content\/uploads\/2026\/04\/1000041787-1-225x300.jpg 225w, https:\/\/mottoknives.pl\/wp-content\/uploads\/2026\/04\/1000041787-1-1152x1536.jpg 1152w, https:\/\/mottoknives.pl\/wp-content\/uploads\/2026\/04\/1000041787-1-1536x2048.jpg 1536w, https:\/\/mottoknives.pl\/wp-content\/uploads\/2026\/04\/1000041787-1-600x800.jpg 600w, https:\/\/mottoknives.pl\/wp-content\/uploads\/2026\/04\/1000041787-1-scaled.jpg 1920w\" sizes=\"auto, (max-width: 768px) 100vw, 768px\" \/><\/figure>\n\n\n\n<figure class=\"wp-block-image size-large wp-duotone-unset-4\"><img loading=\"lazy\" decoding=\"async\" width=\"576\" height=\"1024\" data-id=\"486\" src=\"https:\/\/mottoknives.pl\/wp-content\/uploads\/2026\/04\/1000053546-576x1024.jpg\" alt=\"\" class=\"wp-image-486\" srcset=\"https:\/\/mottoknives.pl\/wp-content\/uploads\/2026\/04\/1000053546-576x1024.jpg 576w, https:\/\/mottoknives.pl\/wp-content\/uploads\/2026\/04\/1000053546-169x300.jpg 169w, https:\/\/mottoknives.pl\/wp-content\/uploads\/2026\/04\/1000053546-768x1365.jpg 768w, https:\/\/mottoknives.pl\/wp-content\/uploads\/2026\/04\/1000053546-864x1536.jpg 864w, https:\/\/mottoknives.pl\/wp-content\/uploads\/2026\/04\/1000053546-1152x2048.jpg 1152w, https:\/\/mottoknives.pl\/wp-content\/uploads\/2026\/04\/1000053546-600x1067.jpg 600w, https:\/\/mottoknives.pl\/wp-content\/uploads\/2026\/04\/1000053546-scaled.jpg 1440w\" sizes=\"auto, (max-width: 576px) 100vw, 576px\" \/><\/figure>\n<\/figure>\n\n\n\n<h2 class=\"wp-block-heading\">Podej\u015bcie do no\u017ca<\/h2>\n\n\n\n<p>Dla mnie n\u00f3\u017c to narz\u0119dzie.<br>Ma dobrze le\u017ce\u0107 w d\u0142oni.<br>Ma by\u0107 przewidywalny w pracy.<br>Ma wytrzyma\u0107 realne u\u017cytkowanie.<br>Nie robi\u0119 no\u017cy \u201ena pokaz\u201d.<br>Robi\u0119 no\u017ce, kt\u00f3re maj\u0105 dzia\u0142a\u0107.<\/p>\n\n\n\n<figure class=\"wp-block-embed is-type-video is-provider-youtube wp-block-embed-youtube wp-embed-aspect-9-16 wp-has-aspect-ratio\"><div class=\"wp-block-embed__wrapper\">\n<iframe loading=\"lazy\" title=\"#bushcraft #knife #diy #edc #outdoor #handmade #blade #wildlife #survival #camping #forest #wood\" width=\"422\" height=\"750\" src=\"https:\/\/www.youtube.com\/embed\/7P3_O4R1HE8?feature=oembed\" frameborder=\"0\" allow=\"accelerometer; autoplay; clipboard-write; encrypted-media; gyroscope; picture-in-picture; web-share\" referrerpolicy=\"strict-origin-when-cross-origin\" allowfullscreen><\/iframe>\n<\/div><\/figure>\n\n\n\n<figure class=\"wp-block-gallery has-nested-images columns-default is-cropped wp-block-gallery-9 is-layout-flex wp-block-gallery-is-layout-flex\">\n<figure class=\"wp-block-image size-large wp-duotone-unset-6\"><img loading=\"lazy\" decoding=\"async\" width=\"576\" height=\"1024\" data-id=\"481\" src=\"https:\/\/mottoknives.pl\/wp-content\/uploads\/2026\/04\/1000015320-576x1024.jpg\" alt=\"\" class=\"wp-image-481\" srcset=\"https:\/\/mottoknives.pl\/wp-content\/uploads\/2026\/04\/1000015320-576x1024.jpg 576w, https:\/\/mottoknives.pl\/wp-content\/uploads\/2026\/04\/1000015320-169x300.jpg 169w, https:\/\/mottoknives.pl\/wp-content\/uploads\/2026\/04\/1000015320-768x1365.jpg 768w, https:\/\/mottoknives.pl\/wp-content\/uploads\/2026\/04\/1000015320-864x1536.jpg 864w, https:\/\/mottoknives.pl\/wp-content\/uploads\/2026\/04\/1000015320-1152x2048.jpg 1152w, https:\/\/mottoknives.pl\/wp-content\/uploads\/2026\/04\/1000015320-600x1067.jpg 600w, https:\/\/mottoknives.pl\/wp-content\/uploads\/2026\/04\/1000015320-scaled.jpg 1440w\" sizes=\"auto, (max-width: 576px) 100vw, 576px\" \/><\/figure>\n\n\n\n<figure class=\"wp-block-image size-large wp-duotone-unset-7\"><img loading=\"lazy\" decoding=\"async\" width=\"576\" height=\"1024\" data-id=\"197\" src=\"https:\/\/mottoknives.pl\/wp-content\/uploads\/2024\/11\/435363680_1125506841975932_4012530301132631838_n-576x1024.jpg\" alt=\"\" class=\"wp-image-197\" srcset=\"https:\/\/mottoknives.pl\/wp-content\/uploads\/2024\/11\/435363680_1125506841975932_4012530301132631838_n-576x1024.jpg 576w, https:\/\/mottoknives.pl\/wp-content\/uploads\/2024\/11\/435363680_1125506841975932_4012530301132631838_n-600x1067.jpg 600w, https:\/\/mottoknives.pl\/wp-content\/uploads\/2024\/11\/435363680_1125506841975932_4012530301132631838_n-169x300.jpg 169w, https:\/\/mottoknives.pl\/wp-content\/uploads\/2024\/11\/435363680_1125506841975932_4012530301132631838_n-768x1365.jpg 768w, https:\/\/mottoknives.pl\/wp-content\/uploads\/2024\/11\/435363680_1125506841975932_4012530301132631838_n-864x1536.jpg 864w, https:\/\/mottoknives.pl\/wp-content\/uploads\/2024\/11\/435363680_1125506841975932_4012530301132631838_n.jpg 1152w\" sizes=\"auto, (max-width: 576px) 100vw, 576px\" \/><\/figure>\n\n\n\n<figure class=\"wp-block-image size-large wp-duotone-unset-8\"><img loading=\"lazy\" decoding=\"async\" width=\"720\" height=\"960\" data-id=\"76\" src=\"https:\/\/mottoknives.pl\/wp-content\/uploads\/2024\/11\/tlo-1.jpg\" alt=\"\" class=\"wp-image-76\" srcset=\"https:\/\/mottoknives.pl\/wp-content\/uploads\/2024\/11\/tlo-1.jpg 720w, https:\/\/mottoknives.pl\/wp-content\/uploads\/2024\/11\/tlo-1-600x800.jpg 600w, https:\/\/mottoknives.pl\/wp-content\/uploads\/2024\/11\/tlo-1-225x300.jpg 225w\" sizes=\"auto, (max-width: 720px) 100vw, 720px\" \/><\/figure>\n<\/figure>\n\n\n\n<h2 class=\"wp-block-heading\">Dla kogo to jest <\/h2>\n\n\n\n<p>Moje no\u017ce trafiaj\u0105 do os\u00f3b, kt\u00f3re naprawd\u0119 ich u\u017cywaj\u0105, w terenie, w kuchni i w codziennej pracy.<br>Je\u015bli szukasz narz\u0119dzia, na kt\u00f3rym mo\u017cesz polega\u0107, jeste\u015b w dobrym miejscu.<\/p>\n\n\n\n<figure class=\"wp-block-gallery has-nested-images columns-default is-cropped wp-block-gallery-13 is-layout-flex wp-block-gallery-is-layout-flex\">\n<figure class=\"wp-block-image size-large wp-duotone-unset-10\"><img loading=\"lazy\" decoding=\"async\" width=\"576\" height=\"1024\" data-id=\"494\" src=\"https:\/\/mottoknives.pl\/wp-content\/uploads\/2026\/04\/1000016872-576x1024.jpg\" alt=\"\" class=\"wp-image-494\" srcset=\"https:\/\/mottoknives.pl\/wp-content\/uploads\/2026\/04\/1000016872-576x1024.jpg 576w, https:\/\/mottoknives.pl\/wp-content\/uploads\/2026\/04\/1000016872-169x300.jpg 169w, https:\/\/mottoknives.pl\/wp-content\/uploads\/2026\/04\/1000016872-768x1365.jpg 768w, https:\/\/mottoknives.pl\/wp-content\/uploads\/2026\/04\/1000016872-864x1536.jpg 864w, https:\/\/mottoknives.pl\/wp-content\/uploads\/2026\/04\/1000016872-1152x2048.jpg 1152w, https:\/\/mottoknives.pl\/wp-content\/uploads\/2026\/04\/1000016872-600x1067.jpg 600w, https:\/\/mottoknives.pl\/wp-content\/uploads\/2026\/04\/1000016872-scaled.jpg 1440w\" sizes=\"auto, (max-width: 576px) 100vw, 576px\" \/><\/figure>\n\n\n\n<figure class=\"wp-block-image size-large wp-duotone-unset-11\"><img loading=\"lazy\" decoding=\"async\" width=\"576\" height=\"1024\" data-id=\"489\" src=\"https:\/\/mottoknives.pl\/wp-content\/uploads\/2026\/04\/1000071794-576x1024.jpg\" alt=\"\" class=\"wp-image-489\" srcset=\"https:\/\/mottoknives.pl\/wp-content\/uploads\/2026\/04\/1000071794-576x1024.jpg 576w, https:\/\/mottoknives.pl\/wp-content\/uploads\/2026\/04\/1000071794-169x300.jpg 169w, https:\/\/mottoknives.pl\/wp-content\/uploads\/2026\/04\/1000071794-768x1365.jpg 768w, https:\/\/mottoknives.pl\/wp-content\/uploads\/2026\/04\/1000071794-864x1536.jpg 864w, https:\/\/mottoknives.pl\/wp-content\/uploads\/2026\/04\/1000071794-1152x2048.jpg 1152w, https:\/\/mottoknives.pl\/wp-content\/uploads\/2026\/04\/1000071794-600x1067.jpg 600w, https:\/\/mottoknives.pl\/wp-content\/uploads\/2026\/04\/1000071794-scaled.jpg 1440w\" sizes=\"auto, (max-width: 576px) 100vw, 576px\" \/><\/figure>\n\n\n\n<figure class=\"wp-block-image size-large wp-duotone-unset-12\"><img loading=\"lazy\" decoding=\"async\" width=\"576\" height=\"1024\" data-id=\"319\" src=\"https:\/\/mottoknives.pl\/wp-content\/uploads\/2025\/06\/1000040383-576x1024.jpg\" alt=\"\" class=\"wp-image-319\" srcset=\"https:\/\/mottoknives.pl\/wp-content\/uploads\/2025\/06\/1000040383-576x1024.jpg 576w, https:\/\/mottoknives.pl\/wp-content\/uploads\/2025\/06\/1000040383-scaled-600x1067.jpg 600w, https:\/\/mottoknives.pl\/wp-content\/uploads\/2025\/06\/1000040383-169x300.jpg 169w, https:\/\/mottoknives.pl\/wp-content\/uploads\/2025\/06\/1000040383-768x1365.jpg 768w, https:\/\/mottoknives.pl\/wp-content\/uploads\/2025\/06\/1000040383-864x1536.jpg 864w, https:\/\/mottoknives.pl\/wp-content\/uploads\/2025\/06\/1000040383-1152x2048.jpg 1152w, https:\/\/mottoknives.pl\/wp-content\/uploads\/2025\/06\/1000040383-scaled.jpg 1440w\" sizes=\"auto, (max-width: 576px) 100vw, 576px\" \/><\/figure>\n<\/figure>\n\n\n\n<ul class=\"wp-block-social-links is-layout-flex wp-block-social-links-is-layout-flex\"><li class=\"wp-social-link wp-social-link-facebook  wp-block-social-link\"><a href=\"https:\/\/www.facebook.com\/MottoKnives\" class=\"wp-block-social-link-anchor\"><svg width=\"24\" height=\"24\" viewBox=\"0 0 24 24\" version=\"1.1\" xmlns=\"http:\/\/www.w3.org\/2000\/svg\" aria-hidden=\"true\" focusable=\"false\"><path d=\"M12 2C6.5 2 2 6.5 2 12c0 5 3.7 9.1 8.4 9.9v-7H7.9V12h2.5V9.8c0-2.5 1.5-3.9 3.8-3.9 1.1 0 2.2.2 2.2.2v2.5h-1.3c-1.2 0-1.6.8-1.6 1.6V12h2.8l-.4 2.9h-2.3v7C18.3 21.1 22 17 22 12c0-5.5-4.5-10-10-10z\"><\/path><\/svg><span class=\"wp-block-social-link-label screen-reader-text\">Facebook<\/span><\/a><\/li>\n\n<li class=\"wp-social-link wp-social-link-tiktok  wp-block-social-link\"><a href=\"https:\/\/www.tiktok.com\/@motto_knives?_t=8r5QrBRyzh8&#038;_r=1\" class=\"wp-block-social-link-anchor\"><svg width=\"24\" height=\"24\" viewBox=\"0 0 32 32\" version=\"1.1\" xmlns=\"http:\/\/www.w3.org\/2000\/svg\" aria-hidden=\"true\" focusable=\"false\"><path d=\"M16.708 0.027c1.745-0.027 3.48-0.011 5.213-0.027 0.105 2.041 0.839 4.12 2.333 5.563 1.491 1.479 3.6 2.156 5.652 2.385v5.369c-1.923-0.063-3.855-0.463-5.6-1.291-0.76-0.344-1.468-0.787-2.161-1.24-0.009 3.896 0.016 7.787-0.025 11.667-0.104 1.864-0.719 3.719-1.803 5.255-1.744 2.557-4.771 4.224-7.88 4.276-1.907 0.109-3.812-0.411-5.437-1.369-2.693-1.588-4.588-4.495-4.864-7.615-0.032-0.667-0.043-1.333-0.016-1.984 0.24-2.537 1.495-4.964 3.443-6.615 2.208-1.923 5.301-2.839 8.197-2.297 0.027 1.975-0.052 3.948-0.052 5.923-1.323-0.428-2.869-0.308-4.025 0.495-0.844 0.547-1.485 1.385-1.819 2.333-0.276 0.676-0.197 1.427-0.181 2.145 0.317 2.188 2.421 4.027 4.667 3.828 1.489-0.016 2.916-0.88 3.692-2.145 0.251-0.443 0.532-0.896 0.547-1.417 0.131-2.385 0.079-4.76 0.095-7.145 0.011-5.375-0.016-10.735 0.025-16.093z\" \/><\/svg><span class=\"wp-block-social-link-label screen-reader-text\">TikTok<\/span><\/a><\/li>\n\n<li class=\"wp-social-link wp-social-link-youtube  wp-block-social-link\"><a href=\"https:\/\/www.youtube.com\/channel\/UCL13URLads7k6_ms29ZuAmw\" class=\"wp-block-social-link-anchor\"><svg width=\"24\" height=\"24\" viewBox=\"0 0 24 24\" version=\"1.1\" xmlns=\"http:\/\/www.w3.org\/2000\/svg\" aria-hidden=\"true\" focusable=\"false\"><path d=\"M21.8,8.001c0,0-0.195-1.378-0.795-1.985c-0.76-0.797-1.613-0.801-2.004-0.847c-2.799-0.202-6.997-0.202-6.997-0.202 h-0.009c0,0-4.198,0-6.997,0.202C4.608,5.216,3.756,5.22,2.995,6.016C2.395,6.623,2.2,8.001,2.2,8.001S2,9.62,2,11.238v1.517 c0,1.618,0.2,3.237,0.2,3.237s0.195,1.378,0.795,1.985c0.761,0.797,1.76,0.771,2.205,0.855c1.6,0.153,6.8,0.201,6.8,0.201 s4.203-0.006,7.001-0.209c0.391-0.047,1.243-0.051,2.004-0.847c0.6-0.607,0.795-1.985,0.795-1.985s0.2-1.618,0.2-3.237v-1.517 C22,9.62,21.8,8.001,21.8,8.001z M9.935,14.594l-0.001-5.62l5.404,2.82L9.935,14.594z\"><\/path><\/svg><span class=\"wp-block-social-link-label screen-reader-text\">YouTube<\/span><\/a><\/li>\n\n<li class=\"wp-social-link wp-social-link-instagram  wp-block-social-link\"><a href=\"https:\/\/www.instagram.com\/motto_knives\/profilecard\/?igsh=MWRucG9leTh1OTA1NA==\" class=\"wp-block-social-link-anchor\"><svg width=\"24\" height=\"24\" viewBox=\"0 0 24 24\" version=\"1.1\" xmlns=\"http:\/\/www.w3.org\/2000\/svg\" aria-hidden=\"true\" focusable=\"false\"><path d=\"M12,4.622c2.403,0,2.688,0.009,3.637,0.052c0.877,0.04,1.354,0.187,1.671,0.31c0.42,0.163,0.72,0.358,1.035,0.673 c0.315,0.315,0.51,0.615,0.673,1.035c0.123,0.317,0.27,0.794,0.31,1.671c0.043,0.949,0.052,1.234,0.052,3.637 s-0.009,2.688-0.052,3.637c-0.04,0.877-0.187,1.354-0.31,1.671c-0.163,0.42-0.358,0.72-0.673,1.035 c-0.315,0.315-0.615,0.51-1.035,0.673c-0.317,0.123-0.794,0.27-1.671,0.31c-0.949,0.043-1.233,0.052-3.637,0.052 s-2.688-0.009-3.637-0.052c-0.877-0.04-1.354-0.187-1.671-0.31c-0.42-0.163-0.72-0.358-1.035-0.673 c-0.315-0.315-0.51-0.615-0.673-1.035c-0.123-0.317-0.27-0.794-0.31-1.671C4.631,14.688,4.622,14.403,4.622,12 s0.009-2.688,0.052-3.637c0.04-0.877,0.187-1.354,0.31-1.671c0.163-0.42,0.358-0.72,0.673-1.035 c0.315-0.315,0.615-0.51,1.035-0.673c0.317-0.123,0.794-0.27,1.671-0.31C9.312,4.631,9.597,4.622,12,4.622 M12,3 C9.556,3,9.249,3.01,8.289,3.054C7.331,3.098,6.677,3.25,6.105,3.472C5.513,3.702,5.011,4.01,4.511,4.511 c-0.5,0.5-0.808,1.002-1.038,1.594C3.25,6.677,3.098,7.331,3.054,8.289C3.01,9.249,3,9.556,3,12c0,2.444,0.01,2.751,0.054,3.711 c0.044,0.958,0.196,1.612,0.418,2.185c0.23,0.592,0.538,1.094,1.038,1.594c0.5,0.5,1.002,0.808,1.594,1.038 c0.572,0.222,1.227,0.375,2.185,0.418C9.249,20.99,9.556,21,12,21s2.751-0.01,3.711-0.054c0.958-0.044,1.612-0.196,2.185-0.418 c0.592-0.23,1.094-0.538,1.594-1.038c0.5-0.5,0.808-1.002,1.038-1.594c0.222-0.572,0.375-1.227,0.418-2.185 C20.99,14.751,21,14.444,21,12s-0.01-2.751-0.054-3.711c-0.044-0.958-0.196-1.612-0.418-2.185c-0.23-0.592-0.538-1.094-1.038-1.594 c-0.5-0.5-1.002-0.808-1.594-1.038c-0.572-0.222-1.227-0.375-2.185-0.418C14.751,3.01,14.444,3,12,3L12,3z M12,7.378 c-2.552,0-4.622,2.069-4.622,4.622S9.448,16.622,12,16.622s4.622-2.069,4.622-4.622S14.552,7.378,12,7.378z M12,15 c-1.657,0-3-1.343-3-3s1.343-3,3-3s3,1.343,3,3S13.657,15,12,15z M16.804,6.116c-0.596,0-1.08,0.484-1.08,1.08 s0.484,1.08,1.08,1.08c0.596,0,1.08-0.484,1.08-1.08S17.401,6.116,16.804,6.116z\"><\/path><\/svg><span class=\"wp-block-social-link-label screen-reader-text\">Instagram<\/span><\/a><\/li>\n\n<li class=\"wp-social-link wp-social-link-x  wp-block-social-link\"><a href=\"https:\/\/x.com\/Motto_Knives?t=P12FZscN5wg-KLlk2AxTiQ&#038;s=09\" class=\"wp-block-social-link-anchor\"><svg width=\"24\" height=\"24\" viewBox=\"0 0 24 24\" version=\"1.1\" xmlns=\"http:\/\/www.w3.org\/2000\/svg\" aria-hidden=\"true\" focusable=\"false\"><path d=\"M13.982 10.622 20.54 3h-1.554l-5.693 6.618L8.745 3H3.5l6.876 10.007L3.5 21h1.554l6.012-6.989L15.868 21h5.245l-7.131-10.378Zm-2.128 2.474-.697-.997-5.543-7.93H8l4.474 6.4.697.996 5.815 8.318h-2.387l-4.745-6.787Z\" \/><\/svg><span class=\"wp-block-social-link-label screen-reader-text\">X<\/span><\/a><\/li><\/ul>\n","protected":false},"excerpt":{"rendered":"<p>Nazywam si\u0119 Marcin Otto i tworz\u0119 no\u017ce pod mark\u0105 w\u0142asn\u0105 Motto Knives. Zaczyna\u0142em w ma\u0142ej kom\u00f3rce, ucz\u0105c si\u0119 wszystkiego od podstaw, bez zaplecza i bez do\u015bwiadczenia, metod\u0105 pr\u00f3b i b\u0142\u0119d\u00f3w. Dzi\u015b pracuj\u0119 we w\u0142asnym warsztacie i \u015bwiadomie rozwijam ka\u017cdy kolejny projekt. Z czasem zmieni\u0142o si\u0119 wszystko poza jednym, moj\u0105 filozofi\u0105: n\u00f3\u017c ma dzia\u0142a\u0107 i wytrzyma\u0107 [&hellip;]<\/p>\n","protected":false},"author":1,"featured_media":0,"parent":0,"menu_order":0,"comment_status":"closed","ping_status":"closed","template":"","meta":{"footnotes":""},"class_list":["post-476","page","type-page","status-publish","hentry"],"jetpack_sharing_enabled":true,"_links":{"self":[{"href":"https:\/\/mottoknives.pl\/index.php?rest_route=\/wp\/v2\/pages\/476","targetHints":{"allow":["GET"]}}],"collection":[{"href":"https:\/\/mottoknives.pl\/index.php?rest_route=\/wp\/v2\/pages"}],"about":[{"href":"https:\/\/mottoknives.pl\/index.php?rest_route=\/wp\/v2\/types\/page"}],"author":[{"embeddable":true,"href":"https:\/\/mottoknives.pl\/index.php?rest_route=\/wp\/v2\/users\/1"}],"replies":[{"embeddable":true,"href":"https:\/\/mottoknives.pl\/index.php?rest_route=%2Fwp%2Fv2%2Fcomments&post=476"}],"version-history":[{"count":8,"href":"https:\/\/mottoknives.pl\/index.php?rest_route=\/wp\/v2\/pages\/476\/revisions"}],"predecessor-version":[{"id":523,"href":"https:\/\/mottoknives.pl\/index.php?rest_route=\/wp\/v2\/pages\/476\/revisions\/523"}],"wp:attachment":[{"href":"https:\/\/mottoknives.pl\/index.php?rest_route=%2Fwp%2Fv2%2Fmedia&parent=476"}],"curies":[{"name":"wp","href":"https:\/\/api.w.org\/{rel}","templated":true}]}}